{"id":86,"date":"2025-09-21T16:27:02","date_gmt":"2025-09-21T14:27:02","guid":{"rendered":"http:\/\/localhost\/dronix\/?page_id=86"},"modified":"2026-03-20T15:16:56","modified_gmt":"2026-03-20T15:16:56","slug":"services","status":"publish","type":"page","link":"https:\/\/dronix-multiservice.fr\/?page_id=86","title":{"rendered":"Services"},"content":{"rendered":"<!-- Titre -->\n\n<h1 class=\"wp-block-heading\">Nos services<\/h1>\n\n\n<style>\n  .services{\n    display:grid;\n    gap:0;\n    margin-top:32px;\n    margin-bottom:64px;\n  }\n\n  .services .service{\n    display:grid;\n    grid-template-columns:minmax(0,1.1fr) minmax(0,.9fr);\n    align-items:center;\n    gap:18px;\n    border:1px solid #ffb68a;\n    border-radius:18px;\n    padding:22px;\n    box-shadow:0 14px 34px rgba(255,102,0,.16);\n  }\n\n  .services .service figure{\n    margin:0;\n    display:flex;\n    justify-content:center;\n    align-items:center;\n    width:100%;\n  }\n\n  .services .service figure img{\n    width:min(100%, 360px);\n    height:auto;\n    aspect-ratio:683 \/ 1024;\n    object-fit:cover;\n    border-radius:14px;\n    display:block;\n  }\n\n  \/* spacer conserv\u00e9 sans casser nth-of-type *\/\n  .services .service-spacer{\n    display:block;\n    height:40px;\n  }\n\n  \/* alternance auto *\/\n  .services > .service:nth-of-type(odd){\n    background:linear-gradient(135deg,#fff6ef 0%,#ffffff 100%);\n  }\n\n  .services > .service:nth-of-type(odd) .text{\n    order:1;\n  }\n\n  .services > .service:nth-of-type(odd) figure{\n    order:2;\n  }\n\n  .services > .service:nth-of-type(even){\n    background:linear-gradient(135deg,#ffffff 0%,#fff6ef 100%);\n  }\n\n  .services > .service:nth-of-type(even) .text{\n    order:2;\n  }\n\n  .services > .service:nth-of-type(even) figure{\n    order:1;\n  }\n\n  @media (max-width:900px){\n    .services .service{\n      grid-template-columns:1fr !important;\n      gap:14px;\n      padding:18px;\n    }\n\n    .services .service .text,\n    .services .service figure{\n      order:initial !important;\n    }\n\n    .services .service figure img{\n      width:100%;\n      max-width:420px;\n    }\n  }\n<\/style>\n\n<!-- Liste des services -->\n\n<div class=\"wp-block-group services\"><div class=\"wp-block-group__inner-container is-layout-flow wp-block-group-is-layout-flow\">\n\n  \n\n  <span aria-hidden=\"true\" class=\"service-spacer\"><\/span>\n\n  \n  <div class=\"wp-block-group general-card service\">\n    <div class=\"wp-block-group text\">\n      <h3 class=\"wp-block-heading\">Prise de vue<\/h3>\n      <p>Nous r\u00e9alisons des <strong>prises de vue a\u00e9riennes par drone<\/strong> pour mettre en valeur vos biens, \u00e9v\u00e9nements, chantiers ou espaces ext\u00e9rieurs. Gr\u00e2ce \u00e0 des images stables et de haute qualit\u00e9, nous produisons des contenus adapt\u00e9s \u00e0 la <strong>communication, la promotion et le suivi visuel<\/strong> de vos projets.<\/p>\n      <p>Que ce soit pour la photo ou la vid\u00e9o, nos interventions offrent un <strong>angle de vue unique<\/strong>, impossible \u00e0 obtenir depuis le sol, avec un rendu professionnel et percutant.<\/p>\n    <\/div>\n    <figure class=\"wp-block-image size-large\">\n      <img src=\"\/wp-content\/uploads\/2026\/03\/Prise-de-vue-mini-683x1024.png\" alt=\"Drone r\u00e9alisant une prise de vue a\u00e9rienne\" width=\"683\" height=\"1024\" loading=\"lazy\" decoding=\"async\" \/>\n    <\/figure>\n  <\/div>\n  \n\n  <span aria-hidden=\"true\" class=\"service-spacer\"><\/span>\n\n  \n\n  <span aria-hidden=\"true\" class=\"service-spacer\"><\/span>\n\n  \n\n  <span aria-hidden=\"true\" class=\"service-spacer\"><\/span>\n\n  \n\n  <span aria-hidden=\"true\" class=\"service-spacer\"><\/span>\n\n  \n  <div class=\"wp-block-group general-card service\">\n    <div class=\"wp-block-group text\">\n      <h3 class=\"wp-block-heading\">\u00c9clairage temporaire<\/h3>\n      <p>Nous utilisons le <strong>projecteur GL60 Plus<\/strong>, mont\u00e9 sur drone, pour fournir un \u00e9clairage puissant et mobile. Id\u00e9al pour les <strong>zones d\u2019intervention de nuit<\/strong>, les chantiers temporaires ou les op\u00e9rations de secours, ce service assure une visibilit\u00e9 optimale l\u00e0 o\u00f9 elle est n\u00e9cessaire.<\/p>\n    <\/div>\n    <figure class=\"wp-block-image size-large\">\n      <img src=\"\/wp-content\/uploads\/2025\/10\/Drone-Eclairage-mini-683x1024.png\" alt=\"Drone \u00e9quip\u00e9 d\u2019un projecteur GL60 Plus \u00e9clairant une zone d\u2019intervention nocturne\" width=\"683\" height=\"1024\" loading=\"lazy\" decoding=\"async\" \/>\n    <\/figure>\n  <\/div>\n  \n\n  <span aria-hidden=\"true\" class=\"service-spacer\"><\/span>\n\n  \n\n  <span aria-hidden=\"true\" class=\"service-spacer\"><\/span>\n\n  \n\n  <span aria-hidden=\"true\" class=\"service-spacer\"><\/span>\n\n  \n  <div class=\"wp-block-group general-card service\">\n    <div class=\"wp-block-group text\">\n      <h3 class=\"wp-block-heading\">Nids de frelons<\/h3>\n      <p>Nos drones permettent une <strong>neutralisation rapide et s\u00e9curis\u00e9e<\/strong> des nids de frelons, m\u00eame en grande hauteur ou dans des zones difficiles d\u2019acc\u00e8s. Gr\u00e2ce \u00e0 une projection pr\u00e9cise de produit adapt\u00e9, nous \u00e9liminons le danger <strong>sans mettre en danger l\u2019op\u00e9rateur<\/strong> ni ab\u00eemer la structure environnante.<\/p>\n    <\/div>\n    <figure class=\"wp-block-image size-large\">\n      <img src=\"\/wp-content\/uploads\/2025\/10\/Drone-Insecticide-mini-683x1024.png\" alt=\"Drone appliquant un insecticide sur un nid de frelons en hauteur\" width=\"683\" height=\"1024\" loading=\"lazy\" decoding=\"async\" \/>\n    <\/figure>\n  <\/div>\n  \n\n<\/div><\/div>\n","protected":false},"excerpt":{"rendered":"<p>Nos services<\/p>\n","protected":false},"author":2,"featured_media":0,"parent":0,"menu_order":0,"comment_status":"closed","ping_status":"closed","template":"","meta":{"footnotes":""},"class_list":["post-86","page","type-page","status-publish","hentry"],"_links":{"self":[{"href":"https:\/\/dronix-multiservice.fr\/index.php?rest_route=\/wp\/v2\/pages\/86","targetHints":{"allow":["GET"]}}],"collection":[{"href":"https:\/\/dronix-multiservice.fr\/index.php?rest_route=\/wp\/v2\/pages"}],"about":[{"href":"https:\/\/dronix-multiservice.fr\/index.php?rest_route=\/wp\/v2\/types\/page"}],"author":[{"embeddable":true,"href":"https:\/\/dronix-multiservice.fr\/index.php?rest_route=\/wp\/v2\/users\/2"}],"replies":[{"embeddable":true,"href":"https:\/\/dronix-multiservice.fr\/index.php?rest_route=%2Fwp%2Fv2%2Fcomments&post=86"}],"version-history":[{"count":47,"href":"https:\/\/dronix-multiservice.fr\/index.php?rest_route=\/wp\/v2\/pages\/86\/revisions"}],"predecessor-version":[{"id":1680,"href":"https:\/\/dronix-multiservice.fr\/index.php?rest_route=\/wp\/v2\/pages\/86\/revisions\/1680"}],"wp:attachment":[{"href":"https:\/\/dronix-multiservice.fr\/index.php?rest_route=%2Fwp%2Fv2%2Fmedia&parent=86"}],"curies":[{"name":"wp","href":"https:\/\/api.w.org\/{rel}","templated":true}]}}